{"id":83,"date":"2017-05-23T07:54:59","date_gmt":"2017-05-23T07:54:59","guid":{"rendered":"https:\/\/bachhoa.khowebseotop.vn\/?post_type=product&#038;p=83"},"modified":"2017-05-23T07:54:59","modified_gmt":"2017-05-23T07:54:59","slug":"kem-tay-da-nang-cif-huong-chanh-500ml","status":"publish","type":"product","link":"https:\/\/hosting.conasi.vn\/w\/bachhoa2011\/kem-tay-da-nang-cif-huong-chanh-500ml\/","title":{"rendered":"Kem t\u1ea9y \u0111a n\u0103ng Cif h\u01b0\u01a1ng Chanh 500ml"},"content":{"rendered":"<p><strong>\u0110\u1eb7c \u0111i\u1ec3m n\u1ed5i b\u1eadt<\/strong><\/p>\n<ul>\n<li>L\u00e0m s\u1ea1ch tr\u00ean m\u1ecdi b\u1ec1 m\u1eb7t<\/li>\n<li>L\u00e0m s\u1ea1ch v\u1ebft s\u01a1n, d\u1ea7u m\u1ee1<\/li>\n<li>H\u01b0\u01a1ng chanh th\u01a1m m\u00e1t, d\u1ecbu nh\u1eb9<\/li>\n<li>Ch\u1ed1ng b\u1ee5i b\u1ea9n b\u00e1m l\u1ea1i<\/li>\n<li>Gi\u00fap s\u00e1ng b\u00f3ng c\u00e1c b\u1ec1 m\u1eb7t<\/li>\n<li>S\u1ea3n xu\u1ea5t t\u1ea1i Vi\u1ec7t Nam<\/li>\n<li>Cif l\u00e0 th\u01b0\u01a1ng hi\u1ec7u c\u1ee7a Ph\u00e1p<\/li>\n<li>Dung t\u00edch 500ml<\/li>\n<\/ul>\n<p><strong>Th\u00e0nh ph\u1ea7n v\u00e0 c\u00f4ng d\u1ee5ng:<\/strong><\/p>\n<ul>\n<li>Kem t\u1ea9y \u0111a n\u0103ng Cif h\u01b0\u01a1ng Chanh gi\u00fap t\u1ea9y r\u1eeda d\u1ec5 d\u00e0ng v\u00e0 nhanh ch\u00f3ng nhi\u1ec1u lo\u1ea1i v\u1ebft b\u1ea9n kh\u00f3 t\u1ea9y trong b\u1ebfp, nh\u00e0 t\u1eafm v\u00e0 nhi\u1ec1u b\u1ec1 m\u1eb7t, v\u1eadt d\u1ee5ng kh\u00e1c trong nh\u00e0 b\u1ea1n, gi\u1eef cho ng\u00f4i nh\u00e0 \u0111\u01b0\u1ee3c s\u1ea1ch s\u1ebd, s\u00e1ng b\u00f3ng.<\/li>\n<li>S\u1ea3n ph\u1ea9m c\u00f3 t\u00ednh kh\u00e1ng khu\u1ea9n r\u1ea5t t\u1ed1t n\u00ean kh\u00f4ng nh\u1eefng l\u00e0m s\u1ea1ch c\u00e1c c\u00e1c v\u1ebft b\u1ea9n m\u00e0 c\u00f2n ch\u1ed1ng vi khu\u1ea9n t\u1ed3n t\u1ea1i tr\u00ean c\u00e1c b\u1ec1 m\u1eb7t \u0111\u00f3.<\/li>\n<li>H\u01b0\u01a1ng chanh t\u01b0\u01a1i m\u00e1t mang l\u1ea1i c\u1ea3m gi\u00e1c d\u1ec5 ch\u1ecbu m\u1ed7i khi s\u1eed d\u1ee5ng.<\/li>\n<\/ul>\n<p><strong>H\u01b0\u01a1ng d\u1eabn s\u1eed d\u1ee5ng:<\/strong><\/p>\n<ul>\n<li>Cho m\u1ed9t l\u01b0\u1ee3ng s\u1ea3n ph\u1ea9m v\u1eeba \u0111\u1ee7 l\u00ean b\u1ec1 m\u1eb7t c\u1ea7n l\u00e0m s\u1ea1ch (Kh\u00f4ng c\u1ea7n ph\u1ea3i l\u00e0m \u01b0\u1edbt b\u1ec1 m\u1eb7t).<\/li>\n<li>Lau nh\u1eb9 b\u1ec1 m\u1eb7t b\u1eb1ng m\u00fat ho\u1eb7c kh\u0103n \u1ea9m.<\/li>\n<li>Lau s\u1ea1ch l\u1ea1i b\u1eb1ng kh\u0103n \u1ea9m.<\/li>\n<\/ul>\n<p><strong>L\u01b0u \u00fd:<\/strong><\/p>\n<ul>\n<li>\u0110\u1ec3 xa t\u1ea7m tay tr\u1ebb em, th\u1ef1c ph\u1ea9m &amp; th\u00fa nu\u00f4i. Kh\u00f4ng \u0111\u01b0\u1ee3c u\u1ed1ng.<\/li>\n<li>N\u1ebfu s\u1ea3n ph\u1ea9m ti\u1ebfp x\u00fac v\u1edbi m\u1eaft, c\u1ea7n r\u1eeda m\u1eaft b\u1eb1ng n\u01b0\u1edbc s\u1ea1ch. Tr\u00e1nh ti\u1ebfp x\u00fac tr\u1ef1c ti\u1ebfp v\u1edbi v\u00f9ng da nh\u1ea1y c\u1ea3m.<\/li>\n<\/ul>\n<p><strong>B\u1ea3o qu\u1ea3n:<\/strong><\/p>\n<ul>\n<li>\u0110\u1ec3 n\u01a1i kh\u00f4 r\u00e1o tho\u00e1ng m\u00e1t.<\/li>\n<\/ul>\n","protected":false},"excerpt":{"rendered":"<p>\u0110\u1eb7c \u0111i\u1ec3m n\u1ed5i b\u1eadt L\u00e0m s\u1ea1ch tr\u00ean m\u1ecdi b\u1ec1 m\u1eb7t L\u00e0m s\u1ea1ch v\u1ebft s\u01a1n, d\u1ea7u m\u1ee1 H\u01b0\u01a1ng chanh th\u01a1m m\u00e1t, d\u1ecbu nh\u1eb9 Ch\u1ed1ng b\u1ee5i b\u1ea9n b\u00e1m l\u1ea1i Gi\u00fap s\u00e1ng b\u00f3ng c\u00e1c b\u1ec1 m\u1eb7t S\u1ea3n xu\u1ea5t t\u1ea1i Vi\u1ec7t Nam Cif l\u00e0 th\u01b0\u01a1ng hi\u1ec7u c\u1ee7a Ph\u00e1p Dung t\u00edch 500ml Th\u00e0nh ph\u1ea7n v\u00e0 c\u00f4ng d\u1ee5ng: Kem t\u1ea9y \u0111a [&#8230;]\n","protected":false},"featured_media":84,"comment_status":"open","ping_status":"closed","template":"","meta":[],"_links":{"self":[{"href":"https:\/\/hosting.conasi.vn\/w\/bachhoa2011\/wp-json\/wp\/v2\/product\/83"}],"collection":[{"href":"https:\/\/hosting.conasi.vn\/w\/bachhoa2011\/wp-json\/wp\/v2\/product"}],"about":[{"href":"https:\/\/hosting.conasi.vn\/w\/bachhoa2011\/wp-json\/wp\/v2\/types\/product"}],"replies":[{"embeddable":true,"href":"https:\/\/hosting.conasi.vn\/w\/bachhoa2011\/wp-json\/wp\/v2\/comments?post=83"}],"wp:featuredmedia":[{"embeddable":true,"href":"https:\/\/hosting.conasi.vn\/w\/bachhoa2011\/wp-json\/wp\/v2\/media\/84"}],"wp:attachment":[{"href":"https:\/\/hosting.conasi.vn\/w\/bachhoa2011\/wp-json\/wp\/v2\/media?parent=83"}],"curies":[{"name":"wp","href":"https:\/\/api.w.org\/{rel}","templated":true}]}}